{"id":88,"date":"2023-02-16T18:40:53","date_gmt":"2023-02-16T18:40:53","guid":{"rendered":"https:\/\/spacecoastservicesmgt.com\/es\/?page_id=88"},"modified":"2025-07-07T14:34:44","modified_gmt":"2025-07-07T14:34:44","slug":"clientes","status":"publish","type":"page","link":"https:\/\/spacecoastservicesmgt.com\/es\/clientes\/","title":{"rendered":"Clientes"},"content":{"rendered":"<p>[vc_row top_padding=\u00bb50&#8243;][vc_column width=\u00bb1\/1&#8243;][vc_column_text]<\/p>\n<p style=\"text-align: justify;\">Durante toda nuestra trayectoria de m\u00e1s de 20 a\u00f1os de operaci\u00f3n en los Estados Unidos, hemos ganado la confianza de m\u00e1s de 200 empresas a nivel nacional quienes conf\u00edan en <strong>Space Coast Services Management<\/strong>, d\u00eda a d\u00eda trabajamos arduamente para brindarles la mejor experiencia y la mayor calidad con los m\u00e1s altos est\u00e1ndares de servicio.<\/p>\n<h2>Algunos de nuestros clientes<\/h2>\n<p>[\/vc_column_text][\/vc_column][\/vc_row][vc_row top_padding=\u00bb50&#8243;][vc_column width=\u00bb1\/5&#8243;]<div class=\"single_image wpb_content_element align-center  animate  image_zoom \" data-animation=\"fade-in\" data-delay=\"0\"><img width=\"400\" height=\"200\" src=\"https:\/\/spacecoastservicesmgt.com\/es\/wp-content\/uploads\/2023\/02\/Hilton.jpg\" class=\"attachment-full\" alt=\"\" decoding=\"async\" loading=\"lazy\" srcset=\"https:\/\/spacecoastservicesmgt.com\/es\/wp-content\/uploads\/2023\/02\/Hilton.jpg 400w, https:\/\/spacecoastservicesmgt.com\/es\/wp-content\/uploads\/2023\/02\/Hilton-300x150.jpg 300w\" sizes=\"(max-width: 400px) 100vw, 400px\" \/><\/div>[\/vc_column][vc_column width=\u00bb1\/5&#8243;]<div class=\"single_image wpb_content_element align-center  animate  image_zoom \" data-animation=\"fade-in\" data-delay=\"0\"><img width=\"400\" height=\"200\" src=\"https:\/\/spacecoastservicesmgt.com\/es\/wp-content\/uploads\/2023\/02\/Confort-inn.jpg\" class=\"attachment-full\" alt=\"\" decoding=\"async\" loading=\"lazy\" srcset=\"https:\/\/spacecoastservicesmgt.com\/es\/wp-content\/uploads\/2023\/02\/Confort-inn.jpg 400w, https:\/\/spacecoastservicesmgt.com\/es\/wp-content\/uploads\/2023\/02\/Confort-inn-300x150.jpg 300w\" sizes=\"(max-width: 400px) 100vw, 400px\" \/><\/div>[\/vc_column][vc_column width=\u00bb1\/5&#8243;]<div class=\"single_image wpb_content_element align-center  animate  image_zoom \" data-animation=\"fade-in\" data-delay=\"0\"><img width=\"400\" height=\"200\" src=\"https:\/\/spacecoastservicesmgt.com\/es\/wp-content\/uploads\/2023\/02\/La-Quinta.jpg\" class=\"attachment-full\" alt=\"\" decoding=\"async\" loading=\"lazy\" srcset=\"https:\/\/spacecoastservicesmgt.com\/es\/wp-content\/uploads\/2023\/02\/La-Quinta.jpg 400w, https:\/\/spacecoastservicesmgt.com\/es\/wp-content\/uploads\/2023\/02\/La-Quinta-300x150.jpg 300w\" sizes=\"(max-width: 400px) 100vw, 400px\" \/><\/div>[\/vc_column][vc_column width=\u00bb1\/5&#8243;]<div class=\"single_image wpb_content_element align-center  animate  image_zoom \" data-animation=\"fade-in\" data-delay=\"0\"><img width=\"400\" height=\"200\" src=\"https:\/\/spacecoastservicesmgt.com\/es\/wp-content\/uploads\/2023\/02\/holiday-inn.jpg\" class=\"attachment-full\" alt=\"\" decoding=\"async\" loading=\"lazy\" srcset=\"https:\/\/spacecoastservicesmgt.com\/es\/wp-content\/uploads\/2023\/02\/holiday-inn.jpg 400w, https:\/\/spacecoastservicesmgt.com\/es\/wp-content\/uploads\/2023\/02\/holiday-inn-300x150.jpg 300w\" sizes=\"(max-width: 400px) 100vw, 400px\" \/><\/div>[\/vc_column][vc_column width=\u00bb1\/5&#8243;]<div class=\"single_image wpb_content_element align-center  animate  image_zoom \" data-animation=\"fade-in\" data-delay=\"0\"><img width=\"400\" height=\"200\" src=\"https:\/\/spacecoastservicesmgt.com\/es\/wp-content\/uploads\/2023\/02\/Candlewood-Suites.jpg\" class=\"attachment-full\" alt=\"\" decoding=\"async\" loading=\"lazy\" srcset=\"https:\/\/spacecoastservicesmgt.com\/es\/wp-content\/uploads\/2023\/02\/Candlewood-Suites.jpg 400w, https:\/\/spacecoastservicesmgt.com\/es\/wp-content\/uploads\/2023\/02\/Candlewood-Suites-300x150.jpg 300w\" sizes=\"(max-width: 400px) 100vw, 400px\" \/><\/div>[\/vc_column][\/vc_row][vc_row top_padding=\u00bb50&#8243;][vc_column width=\u00bb1\/5&#8243;]<div class=\"single_image wpb_content_element align-center  animate  image_zoom \" data-animation=\"fade-in\" data-delay=\"0\"><img width=\"400\" height=\"200\" src=\"https:\/\/spacecoastservicesmgt.com\/es\/wp-content\/uploads\/2023\/02\/American-Best-Value-Inn.jpg\" class=\"attachment-full\" alt=\"\" decoding=\"async\" loading=\"lazy\" srcset=\"https:\/\/spacecoastservicesmgt.com\/es\/wp-content\/uploads\/2023\/02\/American-Best-Value-Inn.jpg 400w, https:\/\/spacecoastservicesmgt.com\/es\/wp-content\/uploads\/2023\/02\/American-Best-Value-Inn-300x150.jpg 300w\" sizes=\"(max-width: 400px) 100vw, 400px\" \/><\/div>[\/vc_column][vc_column width=\u00bb1\/5&#8243;]<div class=\"single_image wpb_content_element align-center  animate  image_zoom \" data-animation=\"fade-in\" data-delay=\"0\"><img width=\"400\" height=\"200\" src=\"https:\/\/spacecoastservicesmgt.com\/es\/wp-content\/uploads\/2023\/02\/BEST-WESTERN.jpg\" class=\"attachment-full\" alt=\"\" decoding=\"async\" loading=\"lazy\" srcset=\"https:\/\/spacecoastservicesmgt.com\/es\/wp-content\/uploads\/2023\/02\/BEST-WESTERN.jpg 400w, https:\/\/spacecoastservicesmgt.com\/es\/wp-content\/uploads\/2023\/02\/BEST-WESTERN-300x150.jpg 300w\" sizes=\"(max-width: 400px) 100vw, 400px\" \/><\/div>[\/vc_column][vc_column width=\u00bb1\/5&#8243;]<div class=\"single_image wpb_content_element align-center  animate  image_zoom \" data-animation=\"fade-in\" data-delay=\"0\"><img width=\"400\" height=\"200\" src=\"https:\/\/spacecoastservicesmgt.com\/es\/wp-content\/uploads\/2023\/02\/days-inn.jpg\" class=\"attachment-full\" alt=\"\" decoding=\"async\" loading=\"lazy\" srcset=\"https:\/\/spacecoastservicesmgt.com\/es\/wp-content\/uploads\/2023\/02\/days-inn.jpg 400w, https:\/\/spacecoastservicesmgt.com\/es\/wp-content\/uploads\/2023\/02\/days-inn-300x150.jpg 300w\" sizes=\"(max-width: 400px) 100vw, 400px\" \/><\/div>[\/vc_column][vc_column width=\u00bb1\/5&#8243;]<div class=\"single_image wpb_content_element align-center  animate  image_zoom \" data-animation=\"fade-in\" data-delay=\"0\"><img width=\"400\" height=\"200\" src=\"https:\/\/spacecoastservicesmgt.com\/es\/wp-content\/uploads\/2023\/02\/FairField-Inn-Suites-Marriott.jpg\" class=\"attachment-full\" alt=\"\" decoding=\"async\" loading=\"lazy\" srcset=\"https:\/\/spacecoastservicesmgt.com\/es\/wp-content\/uploads\/2023\/02\/FairField-Inn-Suites-Marriott.jpg 400w, https:\/\/spacecoastservicesmgt.com\/es\/wp-content\/uploads\/2023\/02\/FairField-Inn-Suites-Marriott-300x150.jpg 300w\" sizes=\"(max-width: 400px) 100vw, 400px\" \/><\/div>[\/vc_column][vc_column width=\u00bb1\/5&#8243;]<div class=\"single_image wpb_content_element align-center  animate  image_zoom \" data-animation=\"fade-in\" data-delay=\"0\"><img width=\"400\" height=\"200\" src=\"https:\/\/spacecoastservicesmgt.com\/es\/wp-content\/uploads\/2023\/02\/Hampton-Inn.jpg\" class=\"attachment-full\" alt=\"\" decoding=\"async\" loading=\"lazy\" srcset=\"https:\/\/spacecoastservicesmgt.com\/es\/wp-content\/uploads\/2023\/02\/Hampton-Inn.jpg 400w, https:\/\/spacecoastservicesmgt.com\/es\/wp-content\/uploads\/2023\/02\/Hampton-Inn-300x150.jpg 300w\" sizes=\"(max-width: 400px) 100vw, 400px\" \/><\/div>[\/vc_column][\/vc_row][vc_row top_padding=\u00bb50&#8243;][vc_column width=\u00bb1\/5&#8243;]<div class=\"single_image wpb_content_element align-center  animate  image_zoom \" data-animation=\"fade-in\" data-delay=\"0\"><img width=\"400\" height=\"200\" src=\"https:\/\/spacecoastservicesmgt.com\/es\/wp-content\/uploads\/2023\/02\/home2-suites-by-hilton.jpg\" class=\"attachment-full\" alt=\"\" decoding=\"async\" loading=\"lazy\" srcset=\"https:\/\/spacecoastservicesmgt.com\/es\/wp-content\/uploads\/2023\/02\/home2-suites-by-hilton.jpg 400w, https:\/\/spacecoastservicesmgt.com\/es\/wp-content\/uploads\/2023\/02\/home2-suites-by-hilton-300x150.jpg 300w\" sizes=\"(max-width: 400px) 100vw, 400px\" \/><\/div>[\/vc_column][vc_column width=\u00bb1\/5&#8243;]<div class=\"single_image wpb_content_element align-center  animate  image_zoom \" data-animation=\"fade-in\" data-delay=\"0\"><img width=\"400\" height=\"200\" src=\"https:\/\/spacecoastservicesmgt.com\/es\/wp-content\/uploads\/2023\/02\/inn-of-america.jpg\" class=\"attachment-full\" alt=\"\" decoding=\"async\" loading=\"lazy\" srcset=\"https:\/\/spacecoastservicesmgt.com\/es\/wp-content\/uploads\/2023\/02\/inn-of-america.jpg 400w, https:\/\/spacecoastservicesmgt.com\/es\/wp-content\/uploads\/2023\/02\/inn-of-america-300x150.jpg 300w\" sizes=\"(max-width: 400px) 100vw, 400px\" \/><\/div>[\/vc_column][vc_column width=\u00bb1\/5&#8243;]<div class=\"single_image wpb_content_element align-center  animate  image_zoom \" data-animation=\"fade-in\" data-delay=\"0\"><img width=\"400\" height=\"200\" src=\"https:\/\/spacecoastservicesmgt.com\/es\/wp-content\/uploads\/2023\/02\/Microtel-Inn-Suites.jpg\" class=\"attachment-full\" alt=\"\" decoding=\"async\" loading=\"lazy\" srcset=\"https:\/\/spacecoastservicesmgt.com\/es\/wp-content\/uploads\/2023\/02\/Microtel-Inn-Suites.jpg 400w, https:\/\/spacecoastservicesmgt.com\/es\/wp-content\/uploads\/2023\/02\/Microtel-Inn-Suites-300x150.jpg 300w\" sizes=\"(max-width: 400px) 100vw, 400px\" \/><\/div>[\/vc_column][vc_column width=\u00bb1\/5&#8243;]<div class=\"single_image wpb_content_element align-center  animate  image_zoom \" data-animation=\"fade-in\" data-delay=\"0\"><img width=\"400\" height=\"200\" src=\"https:\/\/spacecoastservicesmgt.com\/es\/wp-content\/uploads\/2023\/02\/Quality-Inn.jpg\" class=\"attachment-full\" alt=\"\" decoding=\"async\" loading=\"lazy\" srcset=\"https:\/\/spacecoastservicesmgt.com\/es\/wp-content\/uploads\/2023\/02\/Quality-Inn.jpg 400w, https:\/\/spacecoastservicesmgt.com\/es\/wp-content\/uploads\/2023\/02\/Quality-Inn-300x150.jpg 300w\" sizes=\"(max-width: 400px) 100vw, 400px\" \/><\/div>[\/vc_column][vc_column width=\u00bb1\/5&#8243;]<div class=\"single_image wpb_content_element align-center  animate  image_zoom \" data-animation=\"fade-in\" data-delay=\"0\"><img width=\"400\" height=\"200\" src=\"https:\/\/spacecoastservicesmgt.com\/es\/wp-content\/uploads\/2023\/02\/Springhill-Suites.jpg\" class=\"attachment-full\" alt=\"\" decoding=\"async\" loading=\"lazy\" srcset=\"https:\/\/spacecoastservicesmgt.com\/es\/wp-content\/uploads\/2023\/02\/Springhill-Suites.jpg 400w, https:\/\/spacecoastservicesmgt.com\/es\/wp-content\/uploads\/2023\/02\/Springhill-Suites-300x150.jpg 300w\" sizes=\"(max-width: 400px) 100vw, 400px\" \/><\/div>[\/vc_column][\/vc_row][vc_row top_padding=\u00bb50&#8243;][vc_column width=\u00bb1\/5&#8243;]<div class=\"single_image wpb_content_element align-center  animate  image_zoom \" data-animation=\"fade-in\" data-delay=\"0\"><img width=\"400\" height=\"200\" src=\"https:\/\/spacecoastservicesmgt.com\/es\/wp-content\/uploads\/2023\/02\/Sheraton.jpg\" class=\"attachment-full\" alt=\"\" decoding=\"async\" loading=\"lazy\" srcset=\"https:\/\/spacecoastservicesmgt.com\/es\/wp-content\/uploads\/2023\/02\/Sheraton.jpg 400w, https:\/\/spacecoastservicesmgt.com\/es\/wp-content\/uploads\/2023\/02\/Sheraton-300x150.jpg 300w\" sizes=\"(max-width: 400px) 100vw, 400px\" \/><\/div>[\/vc_column][vc_column width=\u00bb1\/5&#8243;]<div class=\"single_image wpb_content_element align-center  animate  image_zoom \" data-animation=\"fade-in\" data-delay=\"0\"><img width=\"400\" height=\"200\" src=\"https:\/\/spacecoastservicesmgt.com\/es\/wp-content\/uploads\/2023\/02\/Choice-Hotel.jpg\" class=\"attachment-full\" alt=\"\" decoding=\"async\" loading=\"lazy\" srcset=\"https:\/\/spacecoastservicesmgt.com\/es\/wp-content\/uploads\/2023\/02\/Choice-Hotel.jpg 400w, https:\/\/spacecoastservicesmgt.com\/es\/wp-content\/uploads\/2023\/02\/Choice-Hotel-300x150.jpg 300w\" sizes=\"(max-width: 400px) 100vw, 400px\" \/><\/div>[\/vc_column][vc_column width=\u00bb1\/5&#8243;]<div class=\"single_image wpb_content_element align-center  animate  image_zoom \" data-animation=\"fade-in\" data-delay=\"0\"><img width=\"400\" height=\"200\" src=\"https:\/\/spacecoastservicesmgt.com\/es\/wp-content\/uploads\/2023\/02\/Travelodge-Hotel.jpg\" class=\"attachment-full\" alt=\"\" decoding=\"async\" loading=\"lazy\" srcset=\"https:\/\/spacecoastservicesmgt.com\/es\/wp-content\/uploads\/2023\/02\/Travelodge-Hotel.jpg 400w, https:\/\/spacecoastservicesmgt.com\/es\/wp-content\/uploads\/2023\/02\/Travelodge-Hotel-300x150.jpg 300w\" sizes=\"(max-width: 400px) 100vw, 400px\" \/><\/div>[\/vc_column][vc_column width=\u00bb1\/5&#8243;]<div class=\"single_image wpb_content_element align-center  animate  image_zoom \" data-animation=\"fade-in\" data-delay=\"0\"><img width=\"400\" height=\"200\" src=\"https:\/\/spacecoastservicesmgt.com\/es\/wp-content\/uploads\/2023\/02\/SUBWAY.jpg\" class=\"attachment-full\" alt=\"\" decoding=\"async\" loading=\"lazy\" srcset=\"https:\/\/spacecoastservicesmgt.com\/es\/wp-content\/uploads\/2023\/02\/SUBWAY.jpg 400w, https:\/\/spacecoastservicesmgt.com\/es\/wp-content\/uploads\/2023\/02\/SUBWAY-300x150.jpg 300w\" sizes=\"(max-width: 400px) 100vw, 400px\" \/><\/div>[\/vc_column][vc_column width=\u00bb1\/5&#8243;]<div class=\"single_image wpb_content_element align-center  animate  image_zoom \" data-animation=\"fade-in\" data-delay=\"0\"><img width=\"400\" height=\"200\" src=\"https:\/\/spacecoastservicesmgt.com\/es\/wp-content\/uploads\/2023\/02\/Pizza-vola.jpg\" class=\"attachment-full\" alt=\"\" decoding=\"async\" loading=\"lazy\" srcset=\"https:\/\/spacecoastservicesmgt.com\/es\/wp-content\/uploads\/2023\/02\/Pizza-vola.jpg 400w, https:\/\/spacecoastservicesmgt.com\/es\/wp-content\/uploads\/2023\/02\/Pizza-vola-300x150.jpg 300w\" sizes=\"(max-width: 400px) 100vw, 400px\" \/><\/div>[\/vc_column][\/vc_row][vc_row top_padding=\u00bb50&#8243;][vc_column width=\u00bb1\/5&#8243;]<div class=\"single_image wpb_content_element align-center  animate  image_zoom \" data-animation=\"fade-in\" data-delay=\"0\"><img width=\"400\" height=\"200\" src=\"https:\/\/spacecoastservicesmgt.com\/es\/wp-content\/uploads\/2023\/02\/Ocean-side.jpg\" class=\"attachment-full\" alt=\"\" decoding=\"async\" loading=\"lazy\" srcset=\"https:\/\/spacecoastservicesmgt.com\/es\/wp-content\/uploads\/2023\/02\/Ocean-side.jpg 400w, https:\/\/spacecoastservicesmgt.com\/es\/wp-content\/uploads\/2023\/02\/Ocean-side-300x150.jpg 300w\" sizes=\"(max-width: 400px) 100vw, 400px\" \/><\/div>[\/vc_column][vc_column width=\u00bb1\/5&#8243;]<div class=\"single_image wpb_content_element align-center  animate  image_zoom \" data-animation=\"fade-in\" data-delay=\"0\"><img width=\"400\" height=\"200\" src=\"https:\/\/spacecoastservicesmgt.com\/es\/wp-content\/uploads\/2023\/02\/Sunny-Side-Cafe.jpg\" class=\"attachment-full\" alt=\"\" decoding=\"async\" loading=\"lazy\" srcset=\"https:\/\/spacecoastservicesmgt.com\/es\/wp-content\/uploads\/2023\/02\/Sunny-Side-Cafe.jpg 400w, https:\/\/spacecoastservicesmgt.com\/es\/wp-content\/uploads\/2023\/02\/Sunny-Side-Cafe-300x150.jpg 300w\" sizes=\"(max-width: 400px) 100vw, 400px\" \/><\/div>[\/vc_column][vc_column width=\u00bb1\/5&#8243;]<div class=\"single_image wpb_content_element align-center  animate  image_zoom \" data-animation=\"fade-in\" data-delay=\"0\"><img width=\"400\" height=\"200\" src=\"https:\/\/spacecoastservicesmgt.com\/es\/wp-content\/uploads\/2025\/07\/hyat.png\" class=\"attachment-full\" alt=\"\" decoding=\"async\" loading=\"lazy\" srcset=\"https:\/\/spacecoastservicesmgt.com\/es\/wp-content\/uploads\/2025\/07\/hyat.png 400w, https:\/\/spacecoastservicesmgt.com\/es\/wp-content\/uploads\/2025\/07\/hyat-300x150.png 300w\" sizes=\"(max-width: 400px) 100vw, 400px\" \/><\/div>[\/vc_column][vc_column width=\u00bb1\/5&#8243;]<div class=\"single_image wpb_content_element align-center  animate  image_zoom \" data-animation=\"fade-in\" data-delay=\"0\"><img width=\"1280\" height=\"640\" src=\"https:\/\/spacecoastservicesmgt.com\/es\/wp-content\/uploads\/2025\/07\/residence-1.png\" class=\"attachment-full\" alt=\"\" decoding=\"async\" loading=\"lazy\" srcset=\"https:\/\/spacecoastservicesmgt.com\/es\/wp-content\/uploads\/2025\/07\/residence-1.png 1280w, https:\/\/spacecoastservicesmgt.com\/es\/wp-content\/uploads\/2025\/07\/residence-1-300x150.png 300w, https:\/\/spacecoastservicesmgt.com\/es\/wp-content\/uploads\/2025\/07\/residence-1-1024x512.png 1024w, https:\/\/spacecoastservicesmgt.com\/es\/wp-content\/uploads\/2025\/07\/residence-1-768x384.png 768w, https:\/\/spacecoastservicesmgt.com\/es\/wp-content\/uploads\/2025\/07\/residence-1-1000x500.png 1000w\" sizes=\"(max-width: 1280px) 100vw, 1280px\" \/><\/div>[\/vc_column][vc_column width=\u00bb1\/5&#8243;]<div class=\"single_image wpb_content_element align-center  animate  image_zoom \" data-animation=\"fade-in\" data-delay=\"0\"><img width=\"400\" height=\"200\" src=\"https:\/\/spacecoastservicesmgt.com\/es\/wp-content\/uploads\/2025\/07\/courtyard.png\" class=\"attachment-full\" alt=\"\" decoding=\"async\" loading=\"lazy\" srcset=\"https:\/\/spacecoastservicesmgt.com\/es\/wp-content\/uploads\/2025\/07\/courtyard.png 400w, https:\/\/spacecoastservicesmgt.com\/es\/wp-content\/uploads\/2025\/07\/courtyard-300x150.png 300w\" sizes=\"(max-width: 400px) 100vw, 400px\" \/><\/div>[\/vc_column][\/vc_row][vc_row top_padding=\u00bb50&#8243; bottom_padding=\u00bb50&#8243;][vc_column width=\u00bb1\/5&#8243;]<div class=\"single_image wpb_content_element align-center  animate  image_zoom \" data-animation=\"fade-in\" data-delay=\"0\"><img width=\"253\" height=\"199\" src=\"https:\/\/spacecoastservicesmgt.com\/es\/wp-content\/uploads\/2025\/07\/images-1.png\" class=\"attachment-full\" alt=\"\" decoding=\"async\" loading=\"lazy\" \/><\/div>[\/vc_column][vc_column width=\u00bb1\/5&#8243;]<div class=\"single_image wpb_content_element align-center  animate  image_zoom \" data-animation=\"fade-in\" data-delay=\"0\"><img width=\"225\" height=\"225\" src=\"https:\/\/spacecoastservicesmgt.com\/es\/wp-content\/uploads\/2025\/07\/images.png\" class=\"attachment-full\" alt=\"\" decoding=\"async\" loading=\"lazy\" srcset=\"https:\/\/spacecoastservicesmgt.com\/es\/wp-content\/uploads\/2025\/07\/images.png 225w, https:\/\/spacecoastservicesmgt.com\/es\/wp-content\/uploads\/2025\/07\/images-150x150.png 150w, https:\/\/spacecoastservicesmgt.com\/es\/wp-content\/uploads\/2025\/07\/images-80x80.png 80w\" sizes=\"(max-width: 225px) 100vw, 225px\" \/><\/div>[\/vc_column][vc_column width=\u00bb1\/5&#8243;]<div class=\"single_image wpb_content_element align-center  animate  image_zoom \" data-animation=\"fade-in\" data-delay=\"0\"><img width=\"225\" height=\"225\" src=\"https:\/\/spacecoastservicesmgt.com\/es\/wp-content\/uploads\/2025\/07\/Delta-2.png\" class=\"attachment-full\" alt=\"\" decoding=\"async\" loading=\"lazy\" srcset=\"https:\/\/spacecoastservicesmgt.com\/es\/wp-content\/uploads\/2025\/07\/Delta-2.png 225w, https:\/\/spacecoastservicesmgt.com\/es\/wp-content\/uploads\/2025\/07\/Delta-2-150x150.png 150w, https:\/\/spacecoastservicesmgt.com\/es\/wp-content\/uploads\/2025\/07\/Delta-2-80x80.png 80w\" sizes=\"(max-width: 225px) 100vw, 225px\" \/><\/div>[\/vc_column][\/vc_row][vc_row type=\u00bbfull_width_section\u00bb bg_color=\u00bb#111111&#8243;][vc_column width=\u00bb1\/1&#8243;]<div class=\"callout clearfix\" style=\"background-color:#111111; color:#ffffff;\">\n\t\t<div class=\"callout-text\">\u00bfQuieres ser parte de nuestra clientela?<\/div>\n\t\t\t<div class=\"callout-button\"><a class=\"button medium color-8\" href=\"https:\/\/spacecoastservicesmgt.com\/es\/contacto\/\" target=\"_self\">\u00a1Hablemos!<\/a><\/div>\n\t\t<\/div>[\/vc_column][\/vc_row]<\/p>\n","protected":false},"excerpt":{"rendered":"<p>[vc_row top_padding=\u00bb50&#8243;][vc_column width=\u00bb1\/1&#8243;][vc_column_text] Durante toda nuestra trayectoria de m\u00e1s de 20 a\u00f1os de operaci\u00f3n en los Estados Unidos, hemos ganado la confianza de m\u00e1s de 200 empresas a nivel nacional quienes conf\u00edan en Space Coast Services Management, d\u00eda a d\u00eda trabajamos arduamente para brindarles la mejor experiencia y la mayor calidad con los m\u00e1s altos est\u00e1ndares de servicio. Algunos de nuestros clientes [\/vc_column_text][\/vc_column][\/vc_row][vc_row top_padding=\u00bb50&#8243;][vc_column width=\u00bb1\/5&#8243;][\/vc_column][vc_column width=\u00bb1\/5&#8243;][\/vc_column][vc_column width=\u00bb1\/5&#8243;][\/vc_column][vc_column width=\u00bb1\/5&#8243;][\/vc_column][vc_column width=\u00bb1\/5&#8243;][\/vc_column][\/vc_row][vc_row top_padding=\u00bb50&#8243;][vc_column width=\u00bb1\/5&#8243;][\/vc_column][vc_column width=\u00bb1\/5&#8243;][\/vc_column][vc_column width=\u00bb1\/5&#8243;][\/vc_column][vc_column width=\u00bb1\/5&#8243;][\/vc_column][vc_column width=\u00bb1\/5&#8243;][\/vc_column][\/vc_row][vc_row top_padding=\u00bb50&#8243;][vc_column width=\u00bb1\/5&#8243;][\/vc_column][vc_column width=\u00bb1\/5&#8243;][\/vc_column][vc_column width=\u00bb1\/5&#8243;][\/vc_column][vc_column width=\u00bb1\/5&#8243;][\/vc_column][vc_column width=\u00bb1\/5&#8243;][\/vc_column][\/vc_row][vc_row top_padding=\u00bb50&#8243;][vc_column width=\u00bb1\/5&#8243;][\/vc_column][vc_column width=\u00bb1\/5&#8243;][\/vc_column][vc_column width=\u00bb1\/5&#8243;][\/vc_column][vc_column width=\u00bb1\/5&#8243;][\/vc_column][vc_column width=\u00bb1\/5&#8243;][\/vc_column][\/vc_row][vc_row top_padding=\u00bb50&#8243;][vc_column width=\u00bb1\/5&#8243;][\/vc_column][vc_column width=\u00bb1\/5&#8243;][\/vc_column][vc_column width=\u00bb1\/5&#8243;][\/vc_column][vc_column width=\u00bb1\/5&#8243;][\/vc_column][vc_column width=\u00bb1\/5&#8243;][\/vc_column][\/vc_row][vc_row top_padding=\u00bb50&#8243; bottom_padding=\u00bb50&#8243;][vc_column width=\u00bb1\/5&#8243;][\/vc_column][vc_column width=\u00bb1\/5&#8243;][\/vc_column][vc_column width=\u00bb1\/5&#8243;][\/vc_column][\/vc_row][vc_row type=\u00bbfull_width_section\u00bb bg_color=\u00bb#111111&#8243;][vc_column width=\u00bb1\/1&#8243;][\/vc_column][\/vc_row]<\/p>\n","protected":false},"author":1,"featured_media":0,"parent":0,"menu_order":0,"comment_status":"closed","ping_status":"closed","template":"","meta":[],"_links":{"self":[{"href":"https:\/\/spacecoastservicesmgt.com\/es\/wp-json\/wp\/v2\/pages\/88"}],"collection":[{"href":"https:\/\/spacecoastservicesmgt.com\/es\/wp-json\/wp\/v2\/pages"}],"about":[{"href":"https:\/\/spacecoastservicesmgt.com\/es\/wp-json\/wp\/v2\/types\/page"}],"author":[{"embeddable":true,"href":"https:\/\/spacecoastservicesmgt.com\/es\/wp-json\/wp\/v2\/users\/1"}],"replies":[{"embeddable":true,"href":"https:\/\/spacecoastservicesmgt.com\/es\/wp-json\/wp\/v2\/comments?post=88"}],"version-history":[{"count":25,"href":"https:\/\/spacecoastservicesmgt.com\/es\/wp-json\/wp\/v2\/pages\/88\/revisions"}],"predecessor-version":[{"id":121,"href":"https:\/\/spacecoastservicesmgt.com\/es\/wp-json\/wp\/v2\/pages\/88\/revisions\/121"}],"wp:attachment":[{"href":"https:\/\/spacecoastservicesmgt.com\/es\/wp-json\/wp\/v2\/media?parent=88"}],"curies":[{"name":"wp","href":"https:\/\/api.w.org\/{rel}","templated":true}]}}