{"id":16,"date":"2023-02-07T21:03:29","date_gmt":"2023-02-07T21:03:29","guid":{"rendered":"https:\/\/spacecoastservicesmgt.com\/es\/?page_id=16"},"modified":"2026-03-17T20:54:42","modified_gmt":"2026-03-17T20:54:42","slug":"nosotros","status":"publish","type":"page","link":"https:\/\/spacecoastservicesmgt.com\/es\/nosotros\/","title":{"rendered":"Nosotros"},"content":{"rendered":"<p>[vc_row type=\u00bbfull_width_section\u00bb top_padding=\u00bb0&#8243; bottom_padding=\u00bb0&#8243; bg_position=\u00bbleft top\u00bb][vc_column animation=\u00bbfade-in-from-left\u00bb bg_image=\u00bb235&#8243; column_center=\u00bbtrue\u00bb width=\u00bb1\/2&#8243;]<div class=\"spacer\" style=\"height: 300px;\"><\/div>[\/vc_column][vc_column animation=\u00bbfade-in-from-right\u00bb bg_color=\u00bb#1c1819&#8243; column_padding=\u00bbpadding-5&#8243; column_center=\u00bbtrue\u00bb text_color=\u00bblight\u00bb width=\u00bb1\/2&#8243;][vc_column_text]<\/p>\n<h3 style=\"text-align: justify;\">\u00bfQui\u00e9nes somos?<\/h3>\n<p style=\"text-align: justify;\">En\u00a0<b>Space Coast Services Management<\/b>\u00a0nos definen la precisi\u00f3n, la flexibilidad y la excelencia. Brindamos servicios especializados de gesti\u00f3n de limpieza para las industrias residencial, comercial y\u00a0 hosteleria. Sabemos que su prioridad es hacer crecer su negocio; por eso, nos convertimos en su aliado estrat\u00e9gico. Nos alineamos con sus procesos y nos ocupamos de los detalles para que usted tenga la paz mental de estar en manos expertas.<\/p>\n<p>[\/vc_column_text][\/vc_column][\/vc_row][vc_row type=\u00bbfull_width_section\u00bb bg_image=\u00bb21&#8243; section_arrow=\u00bbfalse\u00bb text_color=\u00bblight\u00bb top_padding=\u00bb0&#8243; bottom_padding=\u00bb0&#8243; bg_position=\u00bbleft top\u00bb][vc_column animation=\u00bbfade-in-from-top\u00bb bg_color=\u00bbrgba(0,0,0,0.4)\u00bb column_padding=\u00bbpadding-5&#8243; column_center=\u00bbtrue\u00bb text_color=\u00bblight\u00bb width=\u00bb1\/3&#8243;][vc_column_text]<\/p>\n<h3>Visi\u00f3n de la empresa<\/h3>\n<p style=\"text-align: justify;\">Ser el principal aliado estrat\u00e9gico de cada uno de nuestros clientes que impulse el crecimiento conjunto y permanente, encarg\u00e1ndonos de las \u00e1reas en las que somos expertos, siendo as\u00ed la empresa de referencia de nuestro sector de negocios teniendo como pilares fundamentales el gran talento humano que la conforma, su alta vocaci\u00f3n de servicio y sus exigentes est\u00e1ndares de calidad.<\/p>\n<p>[\/vc_column_text][\/vc_column][vc_column width=\u00bb1\/3&#8243;]<div class=\"spacer\" style=\"height: 400px;\"><\/div>[\/vc_column][vc_column animation=\u00bbfade-in-from-top\u00bb bg_color=\u00bbrgba(0,0,0,0.4)\u00bb column_padding=\u00bbpadding-5&#8243; column_center=\u00bbtrue\u00bb text_color=\u00bblight\u00bb width=\u00bb1\/3&#8243;][vc_column_text]<\/p>\n<h3>Misi\u00f3n de la empresa<\/h3>\n<p style=\"text-align: justify;\">Proveer servicios con los m\u00e1s altos est\u00e1ndares de calidad en gesti\u00f3n de mantenimiento, limpieza, manejo operativo y de atenci\u00f3n, transform\u00e1ndonos en aliados estrat\u00e9gicos de alto nivel al potenciar a que cada uno de nuestros clientes se dediquen fundamentalmente a la gesti\u00f3n medular de la naturaleza de su negocio.<\/p>\n<p>[\/vc_column_text][\/vc_column][\/vc_row][vc_row bg_color=\u00bb#494949&#8243; text_color=\u00bblight\u00bb top_padding=\u00bb120&#8243; bottom_padding=\u00bb100&#8243;][vc_column animation=\u00bbfade-in-from-left\u00bb width=\u00bb1\/2&#8243;]<h2 class=\"headline font-special fontsize-l fontweight-700 lh-inherit align-left transform-uppercase \" style=\"margin: 0 0 20px 0; color: #ffffff;\">PRINCIPALES VALORES QUE NOS RIGEN<\/h2><div class=\"divider divider5\" style='margin:0 0 60px 0 !important;'><\/div>[vc_column_text]<\/p>\n<ul>\n<li>Altos niveles de calidad<\/li>\n<li>Compromiso en el cumplimiento de los acuerdos con nuestros clientes y talento humano<\/li>\n<li>Responsabilidad<\/li>\n<li>Adaptabilidad y rapidez<\/li>\n<li>Servicio al Cliente<\/li>\n<li>Respeto<\/li>\n<li>Honestidad<\/li>\n<li>Comunicaci\u00f3n Efectiva<\/li>\n<li>Lealtad<\/li>\n<li>Integridad<\/li>\n<\/ul>\n<p>[\/vc_column_text][\/vc_column][vc_column animation=\u00bbfade-in-from-right\u00bb width=\u00bb1\/2&#8243;]<h2 class=\"headline font-special fontsize-l fontweight-700 lh-inherit align-left transform-uppercase \" style=\"margin: 0 0 20px 0; color: #ffffff;\">Nos adaptamos a sus necesidades<\/h2><div class=\"divider divider5\" style='margin:0 0 60px 0 !important;'><\/div>[vc_column_text]<\/p>\n<p style=\"text-align: justify;\">Nos adaptamos con flexibilidad y rapidez a los est\u00e1ndares de operaci\u00f3n y funcionamiento de cada uno de nuestros preciados clientes, transform\u00e1ndonos en sus aliados claves al apoyarlos en el manejo de actividades que no son la gesti\u00f3n medular de su actividad de negocio.<\/p>\n<p style=\"text-align: justify;\">Space Coast Services Management tiene la capacidad de gestionar y absorber dentro de nuestra \u00e1rea de acci\u00f3n aquellas actividades o tareas de las cuales su negocio principal no tiene o debe por qu\u00e9 desarrollarlas.<\/p>\n<p style=\"text-align: justify;\">Con nuestro equipo experto evaluamos y definimos el proceso a ejecutar con cada cliente y nos hacemos cargo del resto.<\/p>\n<p>[\/vc_column_text][\/vc_column][\/vc_row][vc_row top_padding=\u00bb70&#8243; bottom_padding=\u00bb70&#8243;][vc_column width=\u00bb1\/2&#8243;]<h2 class=\"headline font-special fontsize-l fontweight-700 lh-inherit align-left transform-uppercase \" style=\"margin: 0 0 20px 0;\">Contacto<\/h2><div class=\"divider divider6\" style='margin:0 0 60px 0 !important;'><\/div>[vc_column_text]2415 Babcock suite B.<br \/>\nMelbourne, FL, 32901.<\/p>\n<i class=\"fa fa-phone minti-icon\" style=\"color:#999999 !important; font-size: 14px; margin: 0px 5px 0px 0px\"><\/i> +1 (321) 458-5559<\/p>\n<i class=\"fa fa-fax minti-icon\" style=\"color:#999999 !important; font-size: 14px; margin: 0px 5px 0px 0px\"><\/i> +1 (321) 600-4623<\/p>\n<i class=\"fa fa-globe minti-icon\" style=\"color:#999999 !important; font-size: 14px; margin: 0px 5px 0px 0px\"><\/i> <a href=\"https:\/\/spacecoastservicesmgt.com\/es\/\">www.spacecoastservicesmgt.com<\/a><\/p>\n<i class=\"fa fa-envelope minti-icon\" style=\"color:#999999 !important; font-size: 14px; margin: 0px 5px 0px 0px\"><\/i> <a href=\"mailto:info@spacecoastservicesmgt.com\">info@spacecoastservicesmgt.com<\/a><\/p>\n<i class=\"fa fa-envelope minti-icon\" style=\"color:#999999 !important; font-size: 14px; margin: 0px 5px 0px 0px\"><\/i> <a href=\"mailto:admin@spacecoastservicesmgt.com\">admin@spacecoastservicesmgt.com<\/a><\/p>\n<i class=\"fa fa-envelope minti-icon\" style=\"color:#999999 !important; font-size: 14px; margin: 0px 5px 0px 0px\"><\/i> <a href=\"mailto:humanresources@spacecoastservicesmgt.com\">humanresources@spacecoastservicesmgt.com<\/a>[\/vc_column_text][\/vc_column][vc_column width=\u00bb1\/2&#8243;]<div class=\"single_image wpb_content_element align-center  animate  image_zoom \" data-animation=\"fade-in-from-right\" data-delay=\"0\"><img width=\"1024\" height=\"681\" src=\"https:\/\/spacecoastservicesmgt.com\/es\/wp-content\/uploads\/2023\/02\/Contacto-Space.jpg\" class=\"attachment-full\" alt=\"\" decoding=\"async\" loading=\"lazy\" srcset=\"https:\/\/spacecoastservicesmgt.com\/es\/wp-content\/uploads\/2023\/02\/Contacto-Space.jpg 1024w, https:\/\/spacecoastservicesmgt.com\/es\/wp-content\/uploads\/2023\/02\/Contacto-Space-300x200.jpg 300w, https:\/\/spacecoastservicesmgt.com\/es\/wp-content\/uploads\/2023\/02\/Contacto-Space-768x511.jpg 768w, https:\/\/spacecoastservicesmgt.com\/es\/wp-content\/uploads\/2023\/02\/Contacto-Space-600x400.jpg 600w\" sizes=\"(max-width: 1024px) 100vw, 1024px\" \/><\/div>[\/vc_column][\/vc_row][vc_row type=\u00bbfull_width_section\u00bb][vc_column width=\u00bb1\/1&#8243;]<div class=\"callout clearfix\" style=\"background-color:#000000; color:#ffffff;\">\n\t\t<div class=\"callout-text\">\u00bfTe gustar\u00eda nuestros servicios?<\/div>\n\t\t\t<div class=\"callout-button\"><a class=\"button medium color-8\" href=\"https:\/\/spacecoastservicesmgt.com\/es\/contacto\/\" target=\"_self\">\u00a1HABLEMOS!<\/a><\/div>\n\t\t<\/div>[\/vc_column][\/vc_row][vc_column width=\u00bb1\/3&#8243;][\/vc_column][vc_column width=\u00bb2\/3&#8243;][\/vc_column]<\/p>\n","protected":false},"excerpt":{"rendered":"<p>[vc_row type=\u00bbfull_width_section\u00bb top_padding=\u00bb0&#8243; bottom_padding=\u00bb0&#8243; bg_position=\u00bbleft top\u00bb][vc_column animation=\u00bbfade-in-from-left\u00bb bg_image=\u00bb235&#8243; column_center=\u00bbtrue\u00bb width=\u00bb1\/2&#8243;][\/vc_column][vc_column animation=\u00bbfade-in-from-right\u00bb bg_color=\u00bb#1c1819&#8243; column_padding=\u00bbpadding-5&#8243; column_center=\u00bbtrue\u00bb text_color=\u00bblight\u00bb width=\u00bb1\/2&#8243;][vc_column_text] \u00bfQui\u00e9nes somos? En\u00a0Space Coast Services Management\u00a0nos definen la precisi\u00f3n, la flexibilidad y la excelencia. Brindamos servicios especializados de gesti\u00f3n de limpieza para las industrias residencial, comercial y\u00a0 hosteleria. Sabemos que su prioridad es hacer crecer su negocio; por eso, nos convertimos en su aliado estrat\u00e9gico. Nos alineamos con sus procesos y nos ocupamos de los detalles para que usted tenga la paz mental de estar en manos expertas. [\/vc_column_text][\/vc_column][\/vc_row][vc_row type=\u00bbfull_width_section\u00bb bg_image=\u00bb21&#8243; section_arrow=\u00bbfalse\u00bb text_color=\u00bblight\u00bb top_padding=\u00bb0&#8243; bottom_padding=\u00bb0&#8243; bg_position=\u00bbleft top\u00bb][vc_column animation=\u00bbfade-in-from-top\u00bb bg_color=\u00bbrgba(0,0,0,0.4)\u00bb column_padding=\u00bbpadding-5&#8243; column_center=\u00bbtrue\u00bb text_color=\u00bblight\u00bb width=\u00bb1\/3&#8243;][vc_column_text] Visi\u00f3n de la empresa Ser el principal aliado estrat\u00e9gico de cada uno de nuestros clientes que impulse el crecimiento conjunto y permanente, encarg\u00e1ndonos de las \u00e1reas en las que somos expertos, siendo as\u00ed la empresa de referencia de nuestro sector de negocios teniendo como pilares fundamentales el gran talento humano que la conforma, su alta vocaci\u00f3n de servicio y sus exigentes est\u00e1ndares de calidad. [\/vc_column_text][\/vc_column][vc_column width=\u00bb1\/3&#8243;][\/vc_column][vc_column animation=\u00bbfade-in-from-top\u00bb bg_color=\u00bbrgba(0,0,0,0.4)\u00bb column_padding=\u00bbpadding-5&#8243; column_center=\u00bbtrue\u00bb text_color=\u00bblight\u00bb width=\u00bb1\/3&#8243;][vc_column_text] Misi\u00f3n de la empresa Proveer servicios con los m\u00e1s altos est\u00e1ndares de calidad en gesti\u00f3n de mantenimiento, limpieza, manejo operativo y de atenci\u00f3n, transform\u00e1ndonos en aliados estrat\u00e9gicos de alto [&hellip;]<\/p>\n","protected":false},"author":1,"featured_media":0,"parent":0,"menu_order":0,"comment_status":"closed","ping_status":"closed","template":"","meta":[],"_links":{"self":[{"href":"https:\/\/spacecoastservicesmgt.com\/es\/wp-json\/wp\/v2\/pages\/16"}],"collection":[{"href":"https:\/\/spacecoastservicesmgt.com\/es\/wp-json\/wp\/v2\/pages"}],"about":[{"href":"https:\/\/spacecoastservicesmgt.com\/es\/wp-json\/wp\/v2\/types\/page"}],"author":[{"embeddable":true,"href":"https:\/\/spacecoastservicesmgt.com\/es\/wp-json\/wp\/v2\/users\/1"}],"replies":[{"embeddable":true,"href":"https:\/\/spacecoastservicesmgt.com\/es\/wp-json\/wp\/v2\/comments?post=16"}],"version-history":[{"count":33,"href":"https:\/\/spacecoastservicesmgt.com\/es\/wp-json\/wp\/v2\/pages\/16\/revisions"}],"predecessor-version":[{"id":390,"href":"https:\/\/spacecoastservicesmgt.com\/es\/wp-json\/wp\/v2\/pages\/16\/revisions\/390"}],"wp:attachment":[{"href":"https:\/\/spacecoastservicesmgt.com\/es\/wp-json\/wp\/v2\/media?parent=16"}],"curies":[{"name":"wp","href":"https:\/\/api.w.org\/{rel}","templated":true}]}}